{"id":61,"date":"2018-02-08T18:54:49","date_gmt":"2018-02-08T18:54:49","guid":{"rendered":"http:\/\/parquetmanacor.com\/?page_id=61"},"modified":"2018-03-26T18:29:20","modified_gmt":"2018-03-26T18:29:20","slug":"marcas","status":"publish","type":"page","link":"https:\/\/parquetmanacor.com\/index.php\/marcas\/","title":{"rendered":"Marcas"},"content":{"rendered":"<p>Como expertos en pavimentos de madera, hemos hecho una selecci\u00f3n de marcas de gran calidad y fiabilidad.<\/p>\n<p>Todos nuestros proveedores son empresas con criterios de producci\u00f3n muy exigentes y con un alto nivel de respuesta ante cualquier incidencia.<\/p>\n<p>Sus departamentos t\u00e9cnicos est\u00e9n en constante investigaci\u00f3n, para la mejora de los productos y sus prestaciones, una vez instalados.<\/p>\n<p><a href=\"http:\/\/parquetmanacor.com\/index.php\/project-type\/parquet-kahrs\/\"><img loading=\"lazy\" class=\"alignnone wp-image-152 size-thumbnail\" src=\"http:\/\/parquetmanacor.com\/wp-content\/uploads\/2018\/02\/LogoKahrs-150x150.jpg\" alt=\"K\u00e4hrs\" width=\"150\" height=\"150\" srcset=\"https:\/\/parquetmanacor.com\/wp-content\/uploads\/2018\/02\/LogoKahrs-150x150.jpg 150w, https:\/\/parquetmanacor.com\/wp-content\/uploads\/2018\/02\/LogoKahrs-50x50.jpg 50w\" sizes=\"(max-width: 150px) 100vw, 150px\" \/><\/a><\/p>\n<p><img loading=\"lazy\" class=\"alignnone wp-image-234 size-thumbnail\" src=\"http:\/\/parquetmanacor.com\/wp-content\/uploads\/2018\/03\/ExterparkLogonegro-150x150.jpg\" alt=\"Exterpark\" width=\"150\" height=\"150\" srcset=\"https:\/\/parquetmanacor.com\/wp-content\/uploads\/2018\/03\/ExterparkLogonegro-150x150.jpg 150w, https:\/\/parquetmanacor.com\/wp-content\/uploads\/2018\/03\/ExterparkLogonegro-50x50.jpg 50w, https:\/\/parquetmanacor.com\/wp-content\/uploads\/2018\/03\/ExterparkLogonegro.jpg 300w\" sizes=\"(max-width: 150px) 100vw, 150px\" \/><\/p>\n<p><a href=\"https:\/\/wp.me\/P9xgqD-6d\"><img loading=\"lazy\" class=\"alignnone wp-image-395 size-thumbnail\" src=\"http:\/\/parquetmanacor.com\/wp-content\/uploads\/2018\/03\/Logo300.BAlterio-150x150.jpg\" alt=\"Balterio Logo\" width=\"150\" height=\"150\" srcset=\"https:\/\/parquetmanacor.com\/wp-content\/uploads\/2018\/03\/Logo300.BAlterio-150x150.jpg 150w, https:\/\/parquetmanacor.com\/wp-content\/uploads\/2018\/03\/Logo300.BAlterio-50x50.jpg 50w, https:\/\/parquetmanacor.com\/wp-content\/uploads\/2018\/03\/Logo300.BAlterio.jpg 300w\" sizes=\"(max-width: 150px) 100vw, 150px\" \/><\/a><\/p>\n<div class=\"sharedaddy sd-sharing-enabled\"><div class=\"robots-nocontent sd-block sd-social sd-social-icon-text sd-sharing\"><h3 class=\"sd-title\">Comparte esto:<\/h3><div class=\"sd-content\"><ul><li class=\"share-facebook\"><a rel=\"nofollow noopener noreferrer\" data-shared=\"sharing-facebook-61\" class=\"share-facebook sd-button share-icon\" href=\"https:\/\/parquetmanacor.com\/index.php\/marcas\/?share=facebook\" target=\"_blank\" title=\"Haz clic para compartir en Facebook\"><span>Facebook<\/span><\/a><\/li><li class=\"share-linkedin\"><a rel=\"nofollow noopener noreferrer\" data-shared=\"sharing-linkedin-61\" class=\"share-linkedin sd-button share-icon\" href=\"https:\/\/parquetmanacor.com\/index.php\/marcas\/?share=linkedin\" target=\"_blank\" title=\"Haz clic para compartir en LinkedIn\"><span>LinkedIn<\/span><\/a><\/li><li class=\"share-pinterest\"><a rel=\"nofollow noopener noreferrer\" data-shared=\"sharing-pinterest-61\" class=\"share-pinterest sd-button share-icon\" href=\"https:\/\/parquetmanacor.com\/index.php\/marcas\/?share=pinterest\" target=\"_blank\" title=\"Haz clic para compartir en Pinterest\"><span>Pinterest<\/span><\/a><\/li><li class=\"share-twitter\"><a rel=\"nofollow noopener noreferrer\" data-shared=\"sharing-twitter-61\" class=\"share-twitter sd-button share-icon\" href=\"https:\/\/parquetmanacor.com\/index.php\/marcas\/?share=twitter\" target=\"_blank\" title=\"Haz clic para compartir en Twitter\"><span>Twitter<\/span><\/a><\/li><li><a href=\"#\" class=\"sharing-anchor sd-button share-more\"><span>M\u00e1s<\/span><\/a><\/li><li class=\"share-end\"><\/li><\/ul><div class=\"sharing-hidden\"><div class=\"inner\" style=\"display: none;width:150px;\"><ul style=\"background-image:none;\"><li class=\"share-jetpack-whatsapp\"><a rel=\"nofollow noopener noreferrer\" data-shared=\"\" class=\"share-jetpack-whatsapp sd-button share-icon\" href=\"https:\/\/parquetmanacor.com\/index.php\/marcas\/?share=jetpack-whatsapp\" target=\"_blank\" title=\"Haz clic para compartir en WhatsApp\"><span>WhatsApp<\/span><\/a><\/li><li class=\"share-end\"><\/li><\/ul><\/div><\/div><\/div><\/div><\/div>","protected":false},"excerpt":{"rendered":"<p>Como expertos en pavimentos de madera, hemos hecho una selecci\u00f3n de marcas de gran calidad y fiabilidad. Todos nuestros proveedores son empresas con criterios de producci\u00f3n muy exigentes y con un alto nivel de respuesta ante cualquier incidencia. Sus departamentos t\u00e9cnicos est\u00e9n en constante investigaci\u00f3n, para la mejora de los productos y sus prestaciones, una&hellip; <a href=\"https:\/\/parquetmanacor.com\/index.php\/marcas\/\">Continue reading <span class=\"screen-reader-text\">Marcas<\/span><\/a><\/p>\n<div class=\"sharedaddy sd-sharing-enabled\"><div class=\"robots-nocontent sd-block sd-social sd-social-icon-text sd-sharing\"><h3 class=\"sd-title\">Comparte esto:<\/h3><div class=\"sd-content\"><ul><li class=\"share-facebook\"><a rel=\"nofollow noopener noreferrer\" data-shared=\"sharing-facebook-61\" class=\"share-facebook sd-button share-icon\" href=\"https:\/\/parquetmanacor.com\/index.php\/marcas\/?share=facebook\" target=\"_blank\" title=\"Haz clic para compartir en Facebook\"><span>Facebook<\/span><\/a><\/li><li class=\"share-linkedin\"><a rel=\"nofollow noopener noreferrer\" data-shared=\"sharing-linkedin-61\" class=\"share-linkedin sd-button share-icon\" href=\"https:\/\/parquetmanacor.com\/index.php\/marcas\/?share=linkedin\" target=\"_blank\" title=\"Haz clic para compartir en LinkedIn\"><span>LinkedIn<\/span><\/a><\/li><li class=\"share-pinterest\"><a rel=\"nofollow noopener noreferrer\" data-shared=\"sharing-pinterest-61\" class=\"share-pinterest sd-button share-icon\" href=\"https:\/\/parquetmanacor.com\/index.php\/marcas\/?share=pinterest\" target=\"_blank\" title=\"Haz clic para compartir en Pinterest\"><span>Pinterest<\/span><\/a><\/li><li class=\"share-twitter\"><a rel=\"nofollow noopener noreferrer\" data-shared=\"sharing-twitter-61\" class=\"share-twitter sd-button share-icon\" href=\"https:\/\/parquetmanacor.com\/index.php\/marcas\/?share=twitter\" target=\"_blank\" title=\"Haz clic para compartir en Twitter\"><span>Twitter<\/span><\/a><\/li><li><a href=\"#\" class=\"sharing-anchor sd-button share-more\"><span>M\u00e1s<\/span><\/a><\/li><li class=\"share-end\"><\/li><\/ul><div class=\"sharing-hidden\"><div class=\"inner\" style=\"display: none;width:150px;\"><ul style=\"background-image:none;\"><li class=\"share-jetpack-whatsapp\"><a rel=\"nofollow noopener noreferrer\" data-shared=\"\" class=\"share-jetpack-whatsapp sd-button share-icon\" href=\"https:\/\/parquetmanacor.com\/index.php\/marcas\/?share=jetpack-whatsapp\" target=\"_blank\" title=\"Haz clic para compartir en WhatsApp\"><span>WhatsApp<\/span><\/a><\/li><li class=\"share-end\"><\/li><\/ul><\/div><\/div><\/div><\/div><\/div>","protected":false},"author":1,"featured_media":0,"parent":0,"menu_order":0,"comment_status":"closed","ping_status":"closed","template":"page-templates\/full-width.php","meta":{"spay_email":""},"jetpack_sharing_enabled":true,"jetpack_shortlink":"https:\/\/wp.me\/P9xgqD-Z","_links":{"self":[{"href":"https:\/\/parquetmanacor.com\/index.php\/wp-json\/wp\/v2\/pages\/61"}],"collection":[{"href":"https:\/\/parquetmanacor.com\/index.php\/wp-json\/wp\/v2\/pages"}],"about":[{"href":"https:\/\/parquetmanacor.com\/index.php\/wp-json\/wp\/v2\/types\/page"}],"author":[{"embeddable":true,"href":"https:\/\/parquetmanacor.com\/index.php\/wp-json\/wp\/v2\/users\/1"}],"replies":[{"embeddable":true,"href":"https:\/\/parquetmanacor.com\/index.php\/wp-json\/wp\/v2\/comments?post=61"}],"version-history":[{"count":14,"href":"https:\/\/parquetmanacor.com\/index.php\/wp-json\/wp\/v2\/pages\/61\/revisions"}],"predecessor-version":[{"id":396,"href":"https:\/\/parquetmanacor.com\/index.php\/wp-json\/wp\/v2\/pages\/61\/revisions\/396"}],"wp:attachment":[{"href":"https:\/\/parquetmanacor.com\/index.php\/wp-json\/wp\/v2\/media?parent=61"}],"curies":[{"name":"wp","href":"https:\/\/api.w.org\/{rel}","templated":true}]}}