{"id":54,"date":"2018-01-30T19:41:09","date_gmt":"2018-01-30T19:41:09","guid":{"rendered":"http:\/\/parquetmanacor.com\/?page_id=54"},"modified":"2018-02-21T06:08:25","modified_gmt":"2018-02-21T06:08:25","slug":"nuestros-trabajos","status":"publish","type":"page","link":"https:\/\/parquetmanacor.com\/index.php\/quienes-somos\/nuestros-trabajos\/","title":{"rendered":"Nuestros trabajos"},"content":{"rendered":"<p><img loading=\"lazy\" class=\"size-medium wp-image-43 alignleft\" src=\"http:\/\/parquetmanacor.com\/wp-content\/uploads\/2018\/01\/by-kelly-sikkema-for-unsplash-251938-300x199.jpg\" alt=\"\" width=\"300\" height=\"199\" srcset=\"https:\/\/parquetmanacor.com\/wp-content\/uploads\/2018\/01\/by-kelly-sikkema-for-unsplash-251938-300x199.jpg 300w, https:\/\/parquetmanacor.com\/wp-content\/uploads\/2018\/01\/by-kelly-sikkema-for-unsplash-251938-768x509.jpg 768w, https:\/\/parquetmanacor.com\/wp-content\/uploads\/2018\/01\/by-kelly-sikkema-for-unsplash-251938.jpg 1024w, https:\/\/parquetmanacor.com\/wp-content\/uploads\/2018\/01\/by-kelly-sikkema-for-unsplash-251938-840x556.jpg 840w\" sizes=\"(max-width: 300px) 100vw, 300px\" \/><\/p>\n<p><strong>Atenci\u00f3n en el proceso de selecci\u00f3n de su suelo:<\/strong><\/p>\n<p>Nos gusta estar pendientes de sus gustos, necesidades y criterios de decoraci\u00f3n para encontrar el suelo m\u00e1s adecuado para usted.<\/p>\n<p><strong>Una instalaci\u00f3n profesional<\/strong><img loading=\"lazy\" class=\"size-medium wp-image-50 alignright\" src=\"http:\/\/parquetmanacor.com\/wp-content\/uploads\/2018\/01\/by-s-w-for-unsplash-37942-300x192.jpg\" alt=\"\" width=\"300\" height=\"192\" srcset=\"https:\/\/parquetmanacor.com\/wp-content\/uploads\/2018\/01\/by-s-w-for-unsplash-37942-300x192.jpg 300w, https:\/\/parquetmanacor.com\/wp-content\/uploads\/2018\/01\/by-s-w-for-unsplash-37942-768x492.jpg 768w, https:\/\/parquetmanacor.com\/wp-content\/uploads\/2018\/01\/by-s-w-for-unsplash-37942.jpg 1024w, https:\/\/parquetmanacor.com\/wp-content\/uploads\/2018\/01\/by-s-w-for-unsplash-37942-840x538.jpg 840w\" sizes=\"(max-width: 300px) 100vw, 300px\" \/><\/p>\n<p>Adem\u00e1s de la est\u00e9tica, hay que prestar atenci\u00f3n a las cuestiones t\u00e9cnicas: solo conociendo extensamente las claves y procesos de instalaci\u00f3n podremos ofrecer la mejor propuesta.<\/p>\n<p><img loading=\"lazy\" class=\"size-medium wp-image-38 alignleft\" src=\"http:\/\/parquetmanacor.com\/wp-content\/uploads\/2018\/01\/by-clem-onojeghuo-for-unsplash-143743-300x200.jpg\" alt=\"\" width=\"300\" height=\"200\" srcset=\"https:\/\/parquetmanacor.com\/wp-content\/uploads\/2018\/01\/by-clem-onojeghuo-for-unsplash-143743-300x200.jpg 300w, https:\/\/parquetmanacor.com\/wp-content\/uploads\/2018\/01\/by-clem-onojeghuo-for-unsplash-143743-768x512.jpg 768w, https:\/\/parquetmanacor.com\/wp-content\/uploads\/2018\/01\/by-clem-onojeghuo-for-unsplash-143743.jpg 1024w, https:\/\/parquetmanacor.com\/wp-content\/uploads\/2018\/01\/by-clem-onojeghuo-for-unsplash-143743-840x560.jpg 840w\" sizes=\"(max-width: 300px) 100vw, 300px\" \/><strong>Selecci\u00f3n de Marcas de garant\u00eda y calidad<\/strong><\/p>\n<p>Un buen suelo, bien elaborado e instalado con criterios profesionales es una buena soluci\u00f3n por muchos a\u00f1os. Por ello confiamos en una selecci\u00f3n de marcas de calidad reconocida y servicio asegurado.<\/p>\n<p><strong>Accesorios y remates adecuados<\/strong><img loading=\"lazy\" class=\"size-medium wp-image-52 alignright\" src=\"http:\/\/parquetmanacor.com\/wp-content\/uploads\/2018\/01\/by-todd-quackenbush-for-unsplash-701-300x244.jpg\" alt=\"\" width=\"300\" height=\"244\" srcset=\"https:\/\/parquetmanacor.com\/wp-content\/uploads\/2018\/01\/by-todd-quackenbush-for-unsplash-701-300x244.jpg 300w, https:\/\/parquetmanacor.com\/wp-content\/uploads\/2018\/01\/by-todd-quackenbush-for-unsplash-701-768x623.jpg 768w, https:\/\/parquetmanacor.com\/wp-content\/uploads\/2018\/01\/by-todd-quackenbush-for-unsplash-701-840x682.jpg 840w, https:\/\/parquetmanacor.com\/wp-content\/uploads\/2018\/01\/by-todd-quackenbush-for-unsplash-701.jpg 946w\" sizes=\"(max-width: 300px) 100vw, 300px\" \/><\/p>\n<p>Los acabados son muy importantes para sentir la calidad de un suelo. Y para una larga duraci\u00f3n.<\/p>\n<p>&nbsp;<\/p>\n<p>&nbsp;<\/p>\n<p>&nbsp;<\/p>\n<p><strong><img loading=\"lazy\" class=\"size-medium wp-image-44 alignleft\" src=\"http:\/\/parquetmanacor.com\/wp-content\/uploads\/2018\/01\/by-kelly-sikkema-for-unsplash-411622-300x199.jpg\" alt=\"\" width=\"300\" height=\"199\" srcset=\"https:\/\/parquetmanacor.com\/wp-content\/uploads\/2018\/01\/by-kelly-sikkema-for-unsplash-411622-300x199.jpg 300w, https:\/\/parquetmanacor.com\/wp-content\/uploads\/2018\/01\/by-kelly-sikkema-for-unsplash-411622-768x509.jpg 768w, https:\/\/parquetmanacor.com\/wp-content\/uploads\/2018\/01\/by-kelly-sikkema-for-unsplash-411622.jpg 1024w, https:\/\/parquetmanacor.com\/wp-content\/uploads\/2018\/01\/by-kelly-sikkema-for-unsplash-411622-840x556.jpg 840w\" sizes=\"(max-width: 300px) 100vw, 300px\" \/>Servicio post-venta<\/strong><\/p>\n<p>Tambi\u00e9n disponemos de los productos de mantenimiento profesionales para que su suelo mantenga el mejor aspecto y las mayores prestaciones por largo tiempo. Y podemos realizarle cualquier reparaci\u00f3n o renovaci\u00f3n en caso de da\u00f1o accidental.<\/p>\n<div class=\"sharedaddy sd-sharing-enabled\"><div class=\"robots-nocontent sd-block sd-social sd-social-icon-text sd-sharing\"><h3 class=\"sd-title\">Comparte esto:<\/h3><div class=\"sd-content\"><ul><li class=\"share-facebook\"><a rel=\"nofollow noopener noreferrer\" data-shared=\"sharing-facebook-54\" class=\"share-facebook sd-button share-icon\" href=\"https:\/\/parquetmanacor.com\/index.php\/quienes-somos\/nuestros-trabajos\/?share=facebook\" target=\"_blank\" title=\"Haz clic para compartir en Facebook\"><span>Facebook<\/span><\/a><\/li><li class=\"share-linkedin\"><a rel=\"nofollow noopener noreferrer\" data-shared=\"sharing-linkedin-54\" class=\"share-linkedin sd-button share-icon\" href=\"https:\/\/parquetmanacor.com\/index.php\/quienes-somos\/nuestros-trabajos\/?share=linkedin\" target=\"_blank\" title=\"Haz clic para compartir en LinkedIn\"><span>LinkedIn<\/span><\/a><\/li><li class=\"share-pinterest\"><a rel=\"nofollow noopener noreferrer\" data-shared=\"sharing-pinterest-54\" class=\"share-pinterest sd-button share-icon\" href=\"https:\/\/parquetmanacor.com\/index.php\/quienes-somos\/nuestros-trabajos\/?share=pinterest\" target=\"_blank\" title=\"Haz clic para compartir en Pinterest\"><span>Pinterest<\/span><\/a><\/li><li class=\"share-twitter\"><a rel=\"nofollow noopener noreferrer\" data-shared=\"sharing-twitter-54\" class=\"share-twitter sd-button share-icon\" href=\"https:\/\/parquetmanacor.com\/index.php\/quienes-somos\/nuestros-trabajos\/?share=twitter\" target=\"_blank\" title=\"Haz clic para compartir en Twitter\"><span>Twitter<\/span><\/a><\/li><li><a href=\"#\" class=\"sharing-anchor sd-button share-more\"><span>M\u00e1s<\/span><\/a><\/li><li class=\"share-end\"><\/li><\/ul><div class=\"sharing-hidden\"><div class=\"inner\" style=\"display: none;width:150px;\"><ul style=\"background-image:none;\"><li class=\"share-jetpack-whatsapp\"><a rel=\"nofollow noopener noreferrer\" data-shared=\"\" class=\"share-jetpack-whatsapp sd-button share-icon\" href=\"https:\/\/parquetmanacor.com\/index.php\/quienes-somos\/nuestros-trabajos\/?share=jetpack-whatsapp\" target=\"_blank\" title=\"Haz clic para compartir en WhatsApp\"><span>WhatsApp<\/span><\/a><\/li><li class=\"share-end\"><\/li><\/ul><\/div><\/div><\/div><\/div><\/div>","protected":false},"excerpt":{"rendered":"<p>Atenci\u00f3n en el proceso de selecci\u00f3n de su suelo: Nos gusta estar pendientes de sus gustos, necesidades y criterios de decoraci\u00f3n para encontrar el suelo m\u00e1s adecuado para usted. Una instalaci\u00f3n profesional Adem\u00e1s de la est\u00e9tica, hay que prestar atenci\u00f3n a las cuestiones t\u00e9cnicas: solo conociendo extensamente las claves y procesos de instalaci\u00f3n podremos ofrecer&hellip; <a href=\"https:\/\/parquetmanacor.com\/index.php\/quienes-somos\/nuestros-trabajos\/\">Continue reading <span class=\"screen-reader-text\">Nuestros trabajos<\/span><\/a><\/p>\n<div class=\"sharedaddy sd-sharing-enabled\"><div class=\"robots-nocontent sd-block sd-social sd-social-icon-text sd-sharing\"><h3 class=\"sd-title\">Comparte esto:<\/h3><div class=\"sd-content\"><ul><li class=\"share-facebook\"><a rel=\"nofollow noopener noreferrer\" data-shared=\"sharing-facebook-54\" class=\"share-facebook sd-button share-icon\" href=\"https:\/\/parquetmanacor.com\/index.php\/quienes-somos\/nuestros-trabajos\/?share=facebook\" target=\"_blank\" title=\"Haz clic para compartir en Facebook\"><span>Facebook<\/span><\/a><\/li><li class=\"share-linkedin\"><a rel=\"nofollow noopener noreferrer\" data-shared=\"sharing-linkedin-54\" class=\"share-linkedin sd-button share-icon\" href=\"https:\/\/parquetmanacor.com\/index.php\/quienes-somos\/nuestros-trabajos\/?share=linkedin\" target=\"_blank\" title=\"Haz clic para compartir en LinkedIn\"><span>LinkedIn<\/span><\/a><\/li><li class=\"share-pinterest\"><a rel=\"nofollow noopener noreferrer\" data-shared=\"sharing-pinterest-54\" class=\"share-pinterest sd-button share-icon\" href=\"https:\/\/parquetmanacor.com\/index.php\/quienes-somos\/nuestros-trabajos\/?share=pinterest\" target=\"_blank\" title=\"Haz clic para compartir en Pinterest\"><span>Pinterest<\/span><\/a><\/li><li class=\"share-twitter\"><a rel=\"nofollow noopener noreferrer\" data-shared=\"sharing-twitter-54\" class=\"share-twitter sd-button share-icon\" href=\"https:\/\/parquetmanacor.com\/index.php\/quienes-somos\/nuestros-trabajos\/?share=twitter\" target=\"_blank\" title=\"Haz clic para compartir en Twitter\"><span>Twitter<\/span><\/a><\/li><li><a href=\"#\" class=\"sharing-anchor sd-button share-more\"><span>M\u00e1s<\/span><\/a><\/li><li class=\"share-end\"><\/li><\/ul><div class=\"sharing-hidden\"><div class=\"inner\" style=\"display: none;width:150px;\"><ul style=\"background-image:none;\"><li class=\"share-jetpack-whatsapp\"><a rel=\"nofollow noopener noreferrer\" data-shared=\"\" class=\"share-jetpack-whatsapp sd-button share-icon\" href=\"https:\/\/parquetmanacor.com\/index.php\/quienes-somos\/nuestros-trabajos\/?share=jetpack-whatsapp\" target=\"_blank\" title=\"Haz clic para compartir en WhatsApp\"><span>WhatsApp<\/span><\/a><\/li><li class=\"share-end\"><\/li><\/ul><\/div><\/div><\/div><\/div><\/div>","protected":false},"author":1,"featured_media":0,"parent":26,"menu_order":0,"comment_status":"closed","ping_status":"closed","template":"page-templates\/full-width.php","meta":{"spay_email":""},"jetpack_sharing_enabled":true,"jetpack_shortlink":"https:\/\/wp.me\/P9xgqD-S","_links":{"self":[{"href":"https:\/\/parquetmanacor.com\/index.php\/wp-json\/wp\/v2\/pages\/54"}],"collection":[{"href":"https:\/\/parquetmanacor.com\/index.php\/wp-json\/wp\/v2\/pages"}],"about":[{"href":"https:\/\/parquetmanacor.com\/index.php\/wp-json\/wp\/v2\/types\/page"}],"author":[{"embeddable":true,"href":"https:\/\/parquetmanacor.com\/index.php\/wp-json\/wp\/v2\/users\/1"}],"replies":[{"embeddable":true,"href":"https:\/\/parquetmanacor.com\/index.php\/wp-json\/wp\/v2\/comments?post=54"}],"version-history":[{"count":1,"href":"https:\/\/parquetmanacor.com\/index.php\/wp-json\/wp\/v2\/pages\/54\/revisions"}],"predecessor-version":[{"id":55,"href":"https:\/\/parquetmanacor.com\/index.php\/wp-json\/wp\/v2\/pages\/54\/revisions\/55"}],"up":[{"embeddable":true,"href":"https:\/\/parquetmanacor.com\/index.php\/wp-json\/wp\/v2\/pages\/26"}],"wp:attachment":[{"href":"https:\/\/parquetmanacor.com\/index.php\/wp-json\/wp\/v2\/media?parent=54"}],"curies":[{"name":"wp","href":"https:\/\/api.w.org\/{rel}","templated":true}]}}