{"id":385,"date":"2018-03-26T18:20:25","date_gmt":"2018-03-26T18:20:25","guid":{"rendered":"http:\/\/parquetmanacor.com\/?page_id=385"},"modified":"2018-03-26T18:27:03","modified_gmt":"2018-03-26T18:27:03","slug":"balterio","status":"publish","type":"page","link":"https:\/\/parquetmanacor.com\/index.php\/marcas\/balterio\/","title":{"rendered":"Balterio"},"content":{"rendered":"<h3>Destacamos por nuestra personalidad.<\/h3>\n<p>Somos diferentes. Un poco osados. A veces incluso audaces.<\/p>\n<p><strong>\u00a1al igual que usted!<\/strong><\/p>\n<div id=\"attachment_387\" style=\"width: 800px\" class=\"wp-caption alignnone\"><img aria-describedby=\"caption-attachment-387\" loading=\"lazy\" class=\"size-full wp-image-387\" src=\"http:\/\/parquetmanacor.com\/wp-content\/uploads\/2018\/03\/grande-64082-linnen_oak.jpg\" alt=\"\" width=\"800\" height=\"371\" srcset=\"https:\/\/parquetmanacor.com\/wp-content\/uploads\/2018\/03\/grande-64082-linnen_oak.jpg 800w, https:\/\/parquetmanacor.com\/wp-content\/uploads\/2018\/03\/grande-64082-linnen_oak-300x139.jpg 300w, https:\/\/parquetmanacor.com\/wp-content\/uploads\/2018\/03\/grande-64082-linnen_oak-768x356.jpg 768w\" sizes=\"(max-width: 800px) 100vw, 800px\" \/><p id=\"caption-attachment-387\" class=\"wp-caption-text\">Balterio Grande Roble Linnen 64082<\/p><\/div>\n<p>Nos destacamos en t\u00e9rminos de estilo, ya sea con suelos inspirados en la naturaleza, o con suelos que reflejan un enfoque de dise\u00f1o m\u00e1s osado.<\/p>\n<p>Tambi\u00e9n nos destacamos por nuestra oferta, con una amplia gama de colecciones.<\/p>\n<h6><a href=\"http:\/\/parquetmanacor.com\/index.php\/project-type\/balterio\/\">ir a colecciones balterio<\/a><\/h6>\n<div class=\"sharedaddy sd-sharing-enabled\"><div class=\"robots-nocontent sd-block sd-social sd-social-icon-text sd-sharing\"><h3 class=\"sd-title\">Comparte esto:<\/h3><div class=\"sd-content\"><ul><li class=\"share-facebook\"><a rel=\"nofollow noopener noreferrer\" data-shared=\"sharing-facebook-385\" class=\"share-facebook sd-button share-icon\" href=\"https:\/\/parquetmanacor.com\/index.php\/marcas\/balterio\/?share=facebook\" target=\"_blank\" title=\"Haz clic para compartir en Facebook\"><span>Facebook<\/span><\/a><\/li><li class=\"share-linkedin\"><a rel=\"nofollow noopener noreferrer\" data-shared=\"sharing-linkedin-385\" class=\"share-linkedin sd-button share-icon\" href=\"https:\/\/parquetmanacor.com\/index.php\/marcas\/balterio\/?share=linkedin\" target=\"_blank\" title=\"Haz clic para compartir en LinkedIn\"><span>LinkedIn<\/span><\/a><\/li><li class=\"share-pinterest\"><a rel=\"nofollow noopener noreferrer\" data-shared=\"sharing-pinterest-385\" class=\"share-pinterest sd-button share-icon\" href=\"https:\/\/parquetmanacor.com\/index.php\/marcas\/balterio\/?share=pinterest\" target=\"_blank\" title=\"Haz clic para compartir en Pinterest\"><span>Pinterest<\/span><\/a><\/li><li class=\"share-twitter\"><a rel=\"nofollow noopener noreferrer\" data-shared=\"sharing-twitter-385\" class=\"share-twitter sd-button share-icon\" href=\"https:\/\/parquetmanacor.com\/index.php\/marcas\/balterio\/?share=twitter\" target=\"_blank\" title=\"Haz clic para compartir en Twitter\"><span>Twitter<\/span><\/a><\/li><li><a href=\"#\" class=\"sharing-anchor sd-button share-more\"><span>M\u00e1s<\/span><\/a><\/li><li class=\"share-end\"><\/li><\/ul><div class=\"sharing-hidden\"><div class=\"inner\" style=\"display: none;width:150px;\"><ul style=\"background-image:none;\"><li class=\"share-jetpack-whatsapp\"><a rel=\"nofollow noopener noreferrer\" data-shared=\"\" class=\"share-jetpack-whatsapp sd-button share-icon\" href=\"https:\/\/parquetmanacor.com\/index.php\/marcas\/balterio\/?share=jetpack-whatsapp\" target=\"_blank\" title=\"Haz clic para compartir en WhatsApp\"><span>WhatsApp<\/span><\/a><\/li><li class=\"share-end\"><\/li><\/ul><\/div><\/div><\/div><\/div><\/div>","protected":false},"excerpt":{"rendered":"<p>Destacamos por nuestra personalidad. Somos diferentes. Un poco osados. A veces incluso audaces. \u00a1al igual que usted! Nos destacamos en t\u00e9rminos de estilo, ya sea con suelos inspirados en la naturaleza, o con suelos que reflejan un enfoque de dise\u00f1o m\u00e1s osado. Tambi\u00e9n nos destacamos por nuestra oferta, con una amplia gama de colecciones. ir&hellip; <a href=\"https:\/\/parquetmanacor.com\/index.php\/marcas\/balterio\/\">Continue reading <span class=\"screen-reader-text\">Balterio<\/span><\/a><\/p>\n<div class=\"sharedaddy sd-sharing-enabled\"><div class=\"robots-nocontent sd-block sd-social sd-social-icon-text sd-sharing\"><h3 class=\"sd-title\">Comparte esto:<\/h3><div class=\"sd-content\"><ul><li class=\"share-facebook\"><a rel=\"nofollow noopener noreferrer\" data-shared=\"sharing-facebook-385\" class=\"share-facebook sd-button share-icon\" href=\"https:\/\/parquetmanacor.com\/index.php\/marcas\/balterio\/?share=facebook\" target=\"_blank\" title=\"Haz clic para compartir en Facebook\"><span>Facebook<\/span><\/a><\/li><li class=\"share-linkedin\"><a rel=\"nofollow noopener noreferrer\" data-shared=\"sharing-linkedin-385\" class=\"share-linkedin sd-button share-icon\" href=\"https:\/\/parquetmanacor.com\/index.php\/marcas\/balterio\/?share=linkedin\" target=\"_blank\" title=\"Haz clic para compartir en LinkedIn\"><span>LinkedIn<\/span><\/a><\/li><li class=\"share-pinterest\"><a rel=\"nofollow noopener noreferrer\" data-shared=\"sharing-pinterest-385\" class=\"share-pinterest sd-button share-icon\" href=\"https:\/\/parquetmanacor.com\/index.php\/marcas\/balterio\/?share=pinterest\" target=\"_blank\" title=\"Haz clic para compartir en Pinterest\"><span>Pinterest<\/span><\/a><\/li><li class=\"share-twitter\"><a rel=\"nofollow noopener noreferrer\" data-shared=\"sharing-twitter-385\" class=\"share-twitter sd-button share-icon\" href=\"https:\/\/parquetmanacor.com\/index.php\/marcas\/balterio\/?share=twitter\" target=\"_blank\" title=\"Haz clic para compartir en Twitter\"><span>Twitter<\/span><\/a><\/li><li><a href=\"#\" class=\"sharing-anchor sd-button share-more\"><span>M\u00e1s<\/span><\/a><\/li><li class=\"share-end\"><\/li><\/ul><div class=\"sharing-hidden\"><div class=\"inner\" style=\"display: none;width:150px;\"><ul style=\"background-image:none;\"><li class=\"share-jetpack-whatsapp\"><a rel=\"nofollow noopener noreferrer\" data-shared=\"\" class=\"share-jetpack-whatsapp sd-button share-icon\" href=\"https:\/\/parquetmanacor.com\/index.php\/marcas\/balterio\/?share=jetpack-whatsapp\" target=\"_blank\" title=\"Haz clic para compartir en WhatsApp\"><span>WhatsApp<\/span><\/a><\/li><li class=\"share-end\"><\/li><\/ul><\/div><\/div><\/div><\/div><\/div>","protected":false},"author":1,"featured_media":0,"parent":61,"menu_order":3,"comment_status":"closed","ping_status":"closed","template":"","meta":{"spay_email":""},"jetpack_sharing_enabled":true,"jetpack_shortlink":"https:\/\/wp.me\/P9xgqD-6d","_links":{"self":[{"href":"https:\/\/parquetmanacor.com\/index.php\/wp-json\/wp\/v2\/pages\/385"}],"collection":[{"href":"https:\/\/parquetmanacor.com\/index.php\/wp-json\/wp\/v2\/pages"}],"about":[{"href":"https:\/\/parquetmanacor.com\/index.php\/wp-json\/wp\/v2\/types\/page"}],"author":[{"embeddable":true,"href":"https:\/\/parquetmanacor.com\/index.php\/wp-json\/wp\/v2\/users\/1"}],"replies":[{"embeddable":true,"href":"https:\/\/parquetmanacor.com\/index.php\/wp-json\/wp\/v2\/comments?post=385"}],"version-history":[{"count":5,"href":"https:\/\/parquetmanacor.com\/index.php\/wp-json\/wp\/v2\/pages\/385\/revisions"}],"predecessor-version":[{"id":394,"href":"https:\/\/parquetmanacor.com\/index.php\/wp-json\/wp\/v2\/pages\/385\/revisions\/394"}],"up":[{"embeddable":true,"href":"https:\/\/parquetmanacor.com\/index.php\/wp-json\/wp\/v2\/pages\/61"}],"wp:attachment":[{"href":"https:\/\/parquetmanacor.com\/index.php\/wp-json\/wp\/v2\/media?parent=385"}],"curies":[{"name":"wp","href":"https:\/\/api.w.org\/{rel}","templated":true}]}}