{"id":26,"date":"2018-01-25T18:59:58","date_gmt":"2018-01-25T18:59:58","guid":{"rendered":"http:\/\/parquetmanacor.com\/?page_id=26"},"modified":"2018-03-26T18:41:59","modified_gmt":"2018-03-26T18:41:59","slug":"quienes-somos","status":"publish","type":"page","link":"https:\/\/parquetmanacor.com\/","title":{"rendered":"Parquet Manacor"},"content":{"rendered":"<p>Somos una Empresa especializada en todo tipo de suelos de madera de interior y exterior, parquets, suelos laminados y de vinilo. Con gran experiencia en trabajos en el hogar y en locales comerciales o de ocio.<\/p>\n<p>Nuestro principal valor son nuestros instaladores artesanos con gran experiencia en montajes de suelos de madera<\/p>\n<p>Tambi\u00e9n distribuimos desde hace m\u00e1s de 25 a\u00f1os, las principales marcas de parquet europeas.<\/p>\n<div id=\"metaslider-id-70\" style=\"max-width: 900px;\" class=\"ml-slider-3-18-9 metaslider metaslider-nivo metaslider-70 ml-slider\">\n    <div id=\"metaslider_container_70\">\n        <div class='slider-wrapper theme-default'><div class='ribbon'><\/div><div id='metaslider_70' class='nivoSlider'><img src=\"https:\/\/parquetmanacor.com\/wp-content\/uploads\/2018\/02\/28_floor_pattern_royal_castle_of_Stockholm_2-878x683.jpg\" height=\"700\" width=\"900\" data-caption=\"Parqu&eacute; macizo tradicional: permite la confecci&oacute;n de bellos motivos decorativos especiales.\r\nBy &Oslash;yvind Holmstad (Own work) [CC BY-SA 4.0], via Wikimedia Commons\" alt=\"By \u00d8yvind Holmstad (Own work) [CC BY-SA 4.0], via Wikimedia Commons\" class=\"slider-70 slide-71\" \/><img src=\"https:\/\/parquetmanacor.com\/wp-content\/uploads\/2018\/02\/1024px-Library_of_the_Catholic_Seminar_in_Budapest_former_monastery_of_the_Order_of_Saint_Paul_the_First_Hermit_08-900x700.jpg\" height=\"700\" width=\"900\" data-caption=\"Ejemplo de parquet pegado, formando motivos geom&eacute;tricos.By JezW (Own work) [CC BY-SA 3.0], via Wikimedia Commons\" alt=\"Library_of_the_Catholic_Seminar_in_Budapest,_former_monastery_of_the_Order_of_Saint_Paul_the_First_Hermit\" class=\"slider-70 slide-80\" \/><img src=\"https:\/\/parquetmanacor.com\/wp-content\/uploads\/2018\/02\/1024px-Teak_floor_27780381810-875x681.jpg\" height=\"700\" width=\"900\" data-caption=\"Tarima de Teka (Tectona Grandis). By Lee Hoffman (160417-5200-0769.jpg) [CC BY 2.0], via Wikimedia Commons\" alt=\"Teak_floor\" class=\"slider-70 slide-81\" \/><img src=\"https:\/\/parquetmanacor.com\/wp-content\/uploads\/2018\/02\/1024px-Floors-5_27983761951-875x681.jpg\" height=\"700\" width=\"900\" data-caption=\"Suelo de Roble. By Lee Hoffman (Floors-5.jpg) [CC BY 2.0], via Wikimedia Commons\" alt=\"Elegante suelo se\u00f1orial\" class=\"slider-70 slide-82\" \/><\/div><\/div>\n        \n    <\/div>\n<\/div>\n<div class=\"sharedaddy sd-sharing-enabled\"><div class=\"robots-nocontent sd-block sd-social sd-social-icon-text sd-sharing\"><h3 class=\"sd-title\">Comparte esto:<\/h3><div class=\"sd-content\"><ul><li class=\"share-facebook\"><a rel=\"nofollow noopener noreferrer\" data-shared=\"sharing-facebook-26\" class=\"share-facebook sd-button share-icon\" href=\"https:\/\/parquetmanacor.com\/?share=facebook\" target=\"_blank\" title=\"Haz clic para compartir en Facebook\"><span>Facebook<\/span><\/a><\/li><li class=\"share-linkedin\"><a rel=\"nofollow noopener noreferrer\" data-shared=\"sharing-linkedin-26\" class=\"share-linkedin sd-button share-icon\" href=\"https:\/\/parquetmanacor.com\/?share=linkedin\" target=\"_blank\" title=\"Haz clic para compartir en LinkedIn\"><span>LinkedIn<\/span><\/a><\/li><li class=\"share-pinterest\"><a rel=\"nofollow noopener noreferrer\" data-shared=\"sharing-pinterest-26\" class=\"share-pinterest sd-button share-icon\" href=\"https:\/\/parquetmanacor.com\/?share=pinterest\" target=\"_blank\" title=\"Haz clic para compartir en Pinterest\"><span>Pinterest<\/span><\/a><\/li><li class=\"share-twitter\"><a rel=\"nofollow noopener noreferrer\" data-shared=\"sharing-twitter-26\" class=\"share-twitter sd-button share-icon\" href=\"https:\/\/parquetmanacor.com\/?share=twitter\" target=\"_blank\" title=\"Haz clic para compartir en Twitter\"><span>Twitter<\/span><\/a><\/li><li><a href=\"#\" class=\"sharing-anchor sd-button share-more\"><span>M\u00e1s<\/span><\/a><\/li><li class=\"share-end\"><\/li><\/ul><div class=\"sharing-hidden\"><div class=\"inner\" style=\"display: none;width:150px;\"><ul style=\"background-image:none;\"><li class=\"share-jetpack-whatsapp\"><a rel=\"nofollow noopener noreferrer\" data-shared=\"\" class=\"share-jetpack-whatsapp sd-button share-icon\" href=\"https:\/\/parquetmanacor.com\/?share=jetpack-whatsapp\" target=\"_blank\" title=\"Haz clic para compartir en WhatsApp\"><span>WhatsApp<\/span><\/a><\/li><li class=\"share-end\"><\/li><\/ul><\/div><\/div><\/div><\/div><\/div>","protected":false},"excerpt":{"rendered":"<p>Somos una Empresa especializada en todo tipo de suelos de madera de interior y exterior, parquets, suelos laminados y de vinilo. Con gran experiencia en trabajos en el hogar y en locales comerciales o de ocio. Nuestro principal valor son nuestros instaladores artesanos con gran experiencia en montajes de suelos de madera Tambi\u00e9n distribuimos desde&hellip; <a href=\"https:\/\/parquetmanacor.com\/\">Continue reading <span class=\"screen-reader-text\">Parquet Manacor<\/span><\/a><\/p>\n<div class=\"sharedaddy sd-sharing-enabled\"><div class=\"robots-nocontent sd-block sd-social sd-social-icon-text sd-sharing\"><h3 class=\"sd-title\">Comparte esto:<\/h3><div class=\"sd-content\"><ul><li class=\"share-facebook\"><a rel=\"nofollow noopener noreferrer\" data-shared=\"sharing-facebook-26\" class=\"share-facebook sd-button share-icon\" href=\"https:\/\/parquetmanacor.com\/?share=facebook\" target=\"_blank\" title=\"Haz clic para compartir en Facebook\"><span>Facebook<\/span><\/a><\/li><li class=\"share-linkedin\"><a rel=\"nofollow noopener noreferrer\" data-shared=\"sharing-linkedin-26\" class=\"share-linkedin sd-button share-icon\" href=\"https:\/\/parquetmanacor.com\/?share=linkedin\" target=\"_blank\" title=\"Haz clic para compartir en LinkedIn\"><span>LinkedIn<\/span><\/a><\/li><li class=\"share-pinterest\"><a rel=\"nofollow noopener noreferrer\" data-shared=\"sharing-pinterest-26\" class=\"share-pinterest sd-button share-icon\" href=\"https:\/\/parquetmanacor.com\/?share=pinterest\" target=\"_blank\" title=\"Haz clic para compartir en Pinterest\"><span>Pinterest<\/span><\/a><\/li><li class=\"share-twitter\"><a rel=\"nofollow noopener noreferrer\" data-shared=\"sharing-twitter-26\" class=\"share-twitter sd-button share-icon\" href=\"https:\/\/parquetmanacor.com\/?share=twitter\" target=\"_blank\" title=\"Haz clic para compartir en Twitter\"><span>Twitter<\/span><\/a><\/li><li><a href=\"#\" class=\"sharing-anchor sd-button share-more\"><span>M\u00e1s<\/span><\/a><\/li><li class=\"share-end\"><\/li><\/ul><div class=\"sharing-hidden\"><div class=\"inner\" style=\"display: none;width:150px;\"><ul style=\"background-image:none;\"><li class=\"share-jetpack-whatsapp\"><a rel=\"nofollow noopener noreferrer\" data-shared=\"\" class=\"share-jetpack-whatsapp sd-button share-icon\" href=\"https:\/\/parquetmanacor.com\/?share=jetpack-whatsapp\" target=\"_blank\" title=\"Haz clic para compartir en WhatsApp\"><span>WhatsApp<\/span><\/a><\/li><li class=\"share-end\"><\/li><\/ul><\/div><\/div><\/div><\/div><\/div>","protected":false},"author":1,"featured_media":0,"parent":0,"menu_order":0,"comment_status":"closed","ping_status":"closed","template":"page-templates\/full-width.php","meta":{"spay_email":""},"jetpack_sharing_enabled":true,"jetpack_shortlink":"https:\/\/wp.me\/P9xgqD-q","_links":{"self":[{"href":"https:\/\/parquetmanacor.com\/index.php\/wp-json\/wp\/v2\/pages\/26"}],"collection":[{"href":"https:\/\/parquetmanacor.com\/index.php\/wp-json\/wp\/v2\/pages"}],"about":[{"href":"https:\/\/parquetmanacor.com\/index.php\/wp-json\/wp\/v2\/types\/page"}],"author":[{"embeddable":true,"href":"https:\/\/parquetmanacor.com\/index.php\/wp-json\/wp\/v2\/users\/1"}],"replies":[{"embeddable":true,"href":"https:\/\/parquetmanacor.com\/index.php\/wp-json\/wp\/v2\/comments?post=26"}],"version-history":[{"count":4,"href":"https:\/\/parquetmanacor.com\/index.php\/wp-json\/wp\/v2\/pages\/26\/revisions"}],"predecessor-version":[{"id":399,"href":"https:\/\/parquetmanacor.com\/index.php\/wp-json\/wp\/v2\/pages\/26\/revisions\/399"}],"wp:attachment":[{"href":"https:\/\/parquetmanacor.com\/index.php\/wp-json\/wp\/v2\/media?parent=26"}],"curies":[{"name":"wp","href":"https:\/\/api.w.org\/{rel}","templated":true}]}}