{"id":236,"date":"2018-03-01T04:49:53","date_gmt":"2018-03-01T04:49:53","guid":{"rendered":"http:\/\/parquetmanacor.com\/?page_id=236"},"modified":"2018-03-01T04:49:53","modified_gmt":"2018-03-01T04:49:53","slug":"productos","status":"publish","type":"page","link":"https:\/\/parquetmanacor.com\/index.php\/productos\/","title":{"rendered":"Productos"},"content":{"rendered":"<p>La madera es quiz\u00e1s el primer material de construcci\u00f3n utilizado por el ser humano. Y tambi\u00e9n es el m\u00e1s agradable para estar en contacto con \u00e9l.<\/p>\n<p>Gracias al desarrollo de la tecnolog\u00eda y la ingenier\u00eda, se han desarrollado distintos fabricados derivados de la madera, que permiten su aplicaci\u00f3n en los pavimentos de cualquier tipo de construcci\u00f3n:<\/p>\n<ul>\n<li>Pavimentos de gran diversidad de colores, estilos y acabados, para adaptarse a cualquier tendencia decorativa del hogar.<\/li>\n<li>Pavimentos de altas prestaciones, para las \u00e1reas p\u00fablicas de tr\u00e1fico intenso y elevados requerimientos.<\/li>\n<li>Pavimentos especiales para exterior, donde la madera combina con ventaja, con el resto de elementos decorativos, constructivos o vegetales del jard\u00edn.<\/li>\n<\/ul>\n<p>Aqu\u00ed puede encontrar una gran variedad de colecciones de distintos fabricantes de pavimentos y revestimientos de madera. Las opciones decorativas son infinitas.<\/p>\n<p>Pero la madera, siempre es una buena elecci\u00f3n.<\/p>\n<div class=\"sharedaddy sd-sharing-enabled\"><div class=\"robots-nocontent sd-block sd-social sd-social-icon-text sd-sharing\"><h3 class=\"sd-title\">Comparte esto:<\/h3><div class=\"sd-content\"><ul><li class=\"share-facebook\"><a rel=\"nofollow noopener noreferrer\" data-shared=\"sharing-facebook-236\" class=\"share-facebook sd-button share-icon\" href=\"https:\/\/parquetmanacor.com\/index.php\/productos\/?share=facebook\" target=\"_blank\" title=\"Haz clic para compartir en Facebook\"><span>Facebook<\/span><\/a><\/li><li class=\"share-linkedin\"><a rel=\"nofollow noopener noreferrer\" data-shared=\"sharing-linkedin-236\" class=\"share-linkedin sd-button share-icon\" href=\"https:\/\/parquetmanacor.com\/index.php\/productos\/?share=linkedin\" target=\"_blank\" title=\"Haz clic para compartir en LinkedIn\"><span>LinkedIn<\/span><\/a><\/li><li class=\"share-pinterest\"><a rel=\"nofollow noopener noreferrer\" data-shared=\"sharing-pinterest-236\" class=\"share-pinterest sd-button share-icon\" href=\"https:\/\/parquetmanacor.com\/index.php\/productos\/?share=pinterest\" target=\"_blank\" title=\"Haz clic para compartir en Pinterest\"><span>Pinterest<\/span><\/a><\/li><li class=\"share-twitter\"><a rel=\"nofollow noopener noreferrer\" data-shared=\"sharing-twitter-236\" class=\"share-twitter sd-button share-icon\" href=\"https:\/\/parquetmanacor.com\/index.php\/productos\/?share=twitter\" target=\"_blank\" title=\"Haz clic para compartir en Twitter\"><span>Twitter<\/span><\/a><\/li><li><a href=\"#\" class=\"sharing-anchor sd-button share-more\"><span>M\u00e1s<\/span><\/a><\/li><li class=\"share-end\"><\/li><\/ul><div class=\"sharing-hidden\"><div class=\"inner\" style=\"display: none;width:150px;\"><ul style=\"background-image:none;\"><li class=\"share-jetpack-whatsapp\"><a rel=\"nofollow noopener noreferrer\" data-shared=\"\" class=\"share-jetpack-whatsapp sd-button share-icon\" href=\"https:\/\/parquetmanacor.com\/index.php\/productos\/?share=jetpack-whatsapp\" target=\"_blank\" title=\"Haz clic para compartir en WhatsApp\"><span>WhatsApp<\/span><\/a><\/li><li class=\"share-end\"><\/li><\/ul><\/div><\/div><\/div><\/div><\/div>","protected":false},"excerpt":{"rendered":"<p>La madera es quiz\u00e1s el primer material de construcci\u00f3n utilizado por el ser humano. Y tambi\u00e9n es el m\u00e1s agradable para estar en contacto con \u00e9l. Gracias al desarrollo de la tecnolog\u00eda y la ingenier\u00eda, se han desarrollado distintos fabricados derivados de la madera, que permiten su aplicaci\u00f3n en los pavimentos de cualquier tipo de&hellip; <a href=\"https:\/\/parquetmanacor.com\/index.php\/productos\/\">Continue reading <span class=\"screen-reader-text\">Productos<\/span><\/a><\/p>\n<div class=\"sharedaddy sd-sharing-enabled\"><div class=\"robots-nocontent sd-block sd-social sd-social-icon-text sd-sharing\"><h3 class=\"sd-title\">Comparte esto:<\/h3><div class=\"sd-content\"><ul><li class=\"share-facebook\"><a rel=\"nofollow noopener noreferrer\" data-shared=\"sharing-facebook-236\" class=\"share-facebook sd-button share-icon\" href=\"https:\/\/parquetmanacor.com\/index.php\/productos\/?share=facebook\" target=\"_blank\" title=\"Haz clic para compartir en Facebook\"><span>Facebook<\/span><\/a><\/li><li class=\"share-linkedin\"><a rel=\"nofollow noopener noreferrer\" data-shared=\"sharing-linkedin-236\" class=\"share-linkedin sd-button share-icon\" href=\"https:\/\/parquetmanacor.com\/index.php\/productos\/?share=linkedin\" target=\"_blank\" title=\"Haz clic para compartir en LinkedIn\"><span>LinkedIn<\/span><\/a><\/li><li class=\"share-pinterest\"><a rel=\"nofollow noopener noreferrer\" data-shared=\"sharing-pinterest-236\" class=\"share-pinterest sd-button share-icon\" href=\"https:\/\/parquetmanacor.com\/index.php\/productos\/?share=pinterest\" target=\"_blank\" title=\"Haz clic para compartir en Pinterest\"><span>Pinterest<\/span><\/a><\/li><li class=\"share-twitter\"><a rel=\"nofollow noopener noreferrer\" data-shared=\"sharing-twitter-236\" class=\"share-twitter sd-button share-icon\" href=\"https:\/\/parquetmanacor.com\/index.php\/productos\/?share=twitter\" target=\"_blank\" title=\"Haz clic para compartir en Twitter\"><span>Twitter<\/span><\/a><\/li><li><a href=\"#\" class=\"sharing-anchor sd-button share-more\"><span>M\u00e1s<\/span><\/a><\/li><li class=\"share-end\"><\/li><\/ul><div class=\"sharing-hidden\"><div class=\"inner\" style=\"display: none;width:150px;\"><ul style=\"background-image:none;\"><li class=\"share-jetpack-whatsapp\"><a rel=\"nofollow noopener noreferrer\" data-shared=\"\" class=\"share-jetpack-whatsapp sd-button share-icon\" href=\"https:\/\/parquetmanacor.com\/index.php\/productos\/?share=jetpack-whatsapp\" target=\"_blank\" title=\"Haz clic para compartir en WhatsApp\"><span>WhatsApp<\/span><\/a><\/li><li class=\"share-end\"><\/li><\/ul><\/div><\/div><\/div><\/div><\/div>","protected":false},"author":1,"featured_media":0,"parent":0,"menu_order":0,"comment_status":"closed","ping_status":"closed","template":"page-templates\/portfolio-page.php","meta":{"spay_email":""},"jetpack_sharing_enabled":true,"jetpack_shortlink":"https:\/\/wp.me\/P9xgqD-3O","_links":{"self":[{"href":"https:\/\/parquetmanacor.com\/index.php\/wp-json\/wp\/v2\/pages\/236"}],"collection":[{"href":"https:\/\/parquetmanacor.com\/index.php\/wp-json\/wp\/v2\/pages"}],"about":[{"href":"https:\/\/parquetmanacor.com\/index.php\/wp-json\/wp\/v2\/types\/page"}],"author":[{"embeddable":true,"href":"https:\/\/parquetmanacor.com\/index.php\/wp-json\/wp\/v2\/users\/1"}],"replies":[{"embeddable":true,"href":"https:\/\/parquetmanacor.com\/index.php\/wp-json\/wp\/v2\/comments?post=236"}],"version-history":[{"count":2,"href":"https:\/\/parquetmanacor.com\/index.php\/wp-json\/wp\/v2\/pages\/236\/revisions"}],"predecessor-version":[{"id":238,"href":"https:\/\/parquetmanacor.com\/index.php\/wp-json\/wp\/v2\/pages\/236\/revisions\/238"}],"wp:attachment":[{"href":"https:\/\/parquetmanacor.com\/index.php\/wp-json\/wp\/v2\/media?parent=236"}],"curies":[{"name":"wp","href":"https:\/\/api.w.org\/{rel}","templated":true}]}}