{"id":134,"date":"2018-02-20T19:36:56","date_gmt":"2018-02-20T19:36:56","guid":{"rendered":"http:\/\/parquetmanacor.com\/?page_id=134"},"modified":"2018-03-26T17:57:49","modified_gmt":"2018-03-26T17:57:49","slug":"familia-parque-multicapa-kahrs","status":"publish","type":"page","link":"https:\/\/parquetmanacor.com\/index.php\/marcas\/familia-parque-multicapa-kahrs\/","title":{"rendered":"K\u00e4hrs"},"content":{"rendered":"<p>El parquet multicapa es una invenci\u00f3n de K\u00e4hrs. La patente viene desde el a\u00f1o 1941.<\/p>\n<p>Con la comercializaci\u00f3n del parquet de madera multicapa K\u00e4hrs a partir de esa fecha, K\u00e4hrs no s\u00f3lo presentaba un suelo mucho m\u00e1s estable y respetuoso con el medio ambiente, sino que tambi\u00e9n estableci\u00f3 un nuevo est\u00e1ndar en el sector.<\/p>\n<div id=\"attachment_131\" style=\"width: 300px\" class=\"wp-caption alignnone\"><img aria-describedby=\"caption-attachment-131\" loading=\"lazy\" class=\"wp-image-131 size-medium\" src=\"http:\/\/parquetmanacor.com\/wp-content\/uploads\/2018\/02\/Kahrs.ConstruccionMulticapa-300x161.jpg\" alt=\"\" width=\"300\" height=\"161\" srcset=\"https:\/\/parquetmanacor.com\/wp-content\/uploads\/2018\/02\/Kahrs.ConstruccionMulticapa-300x161.jpg 300w, https:\/\/parquetmanacor.com\/wp-content\/uploads\/2018\/02\/Kahrs.ConstruccionMulticapa.jpg 317w\" sizes=\"(max-width: 300px) 100vw, 300px\" \/><p id=\"caption-attachment-131\" class=\"wp-caption-text\">Construcci\u00f3n de madera multicapa patentada por K\u00e4hrs<\/p><\/div>\n<div id=\"attachment_132\" style=\"width: 300px\" class=\"wp-caption aligncenter\"><img aria-describedby=\"caption-attachment-132\" loading=\"lazy\" class=\"size-medium wp-image-132\" src=\"http:\/\/parquetmanacor.com\/wp-content\/uploads\/2018\/02\/Woodloc-300x96.jpg\" alt=\"K\u00e4hrs Woodloc joint\" width=\"300\" height=\"96\" srcset=\"https:\/\/parquetmanacor.com\/wp-content\/uploads\/2018\/02\/Woodloc-300x96.jpg 300w, https:\/\/parquetmanacor.com\/wp-content\/uploads\/2018\/02\/Woodloc.jpg 568w\" sizes=\"(max-width: 300px) 100vw, 300px\" \/><p id=\"caption-attachment-132\" class=\"wp-caption-text\">Sistema de Junta Woodloc de K\u00e4hrs<\/p><\/div>\n<p>La construcci\u00f3n del parquet multicapa permite un uso optimizado y eficiente de la materia prima, adem\u00e1s de conferir mayor estabilidad dimensional al suelo, a las tablas. Esto unido a nuestra junta mec\u00e1nica y sin cola, permite un suelo sin juntas y desmontable.<\/p>\n<p>Con esta construcci\u00f3n, hemos desarrollado probablemente la gama de suelos de madera m\u00e1s hermosa, variada y refinada del mundo.<\/p>\n<h6><a href=\"http:\/\/parquetmanacor.com\/index.php\/project-type\/parquet-kahrs\/\">Ir a Colecciones K\u00e4hrs<\/a><\/h6>\n<div class=\"sharedaddy sd-sharing-enabled\"><div class=\"robots-nocontent sd-block sd-social sd-social-icon-text sd-sharing\"><h3 class=\"sd-title\">Comparte esto:<\/h3><div class=\"sd-content\"><ul><li class=\"share-facebook\"><a rel=\"nofollow noopener noreferrer\" data-shared=\"sharing-facebook-134\" class=\"share-facebook sd-button share-icon\" href=\"https:\/\/parquetmanacor.com\/index.php\/marcas\/familia-parque-multicapa-kahrs\/?share=facebook\" target=\"_blank\" title=\"Haz clic para compartir en Facebook\"><span>Facebook<\/span><\/a><\/li><li class=\"share-linkedin\"><a rel=\"nofollow noopener noreferrer\" data-shared=\"sharing-linkedin-134\" class=\"share-linkedin sd-button share-icon\" href=\"https:\/\/parquetmanacor.com\/index.php\/marcas\/familia-parque-multicapa-kahrs\/?share=linkedin\" target=\"_blank\" title=\"Haz clic para compartir en LinkedIn\"><span>LinkedIn<\/span><\/a><\/li><li class=\"share-pinterest\"><a rel=\"nofollow noopener noreferrer\" data-shared=\"sharing-pinterest-134\" class=\"share-pinterest sd-button share-icon\" href=\"https:\/\/parquetmanacor.com\/index.php\/marcas\/familia-parque-multicapa-kahrs\/?share=pinterest\" target=\"_blank\" title=\"Haz clic para compartir en Pinterest\"><span>Pinterest<\/span><\/a><\/li><li class=\"share-twitter\"><a rel=\"nofollow noopener noreferrer\" data-shared=\"sharing-twitter-134\" class=\"share-twitter sd-button share-icon\" href=\"https:\/\/parquetmanacor.com\/index.php\/marcas\/familia-parque-multicapa-kahrs\/?share=twitter\" target=\"_blank\" title=\"Haz clic para compartir en Twitter\"><span>Twitter<\/span><\/a><\/li><li><a href=\"#\" class=\"sharing-anchor sd-button share-more\"><span>M\u00e1s<\/span><\/a><\/li><li class=\"share-end\"><\/li><\/ul><div class=\"sharing-hidden\"><div class=\"inner\" style=\"display: none;width:150px;\"><ul style=\"background-image:none;\"><li class=\"share-jetpack-whatsapp\"><a rel=\"nofollow noopener noreferrer\" data-shared=\"\" class=\"share-jetpack-whatsapp sd-button share-icon\" href=\"https:\/\/parquetmanacor.com\/index.php\/marcas\/familia-parque-multicapa-kahrs\/?share=jetpack-whatsapp\" target=\"_blank\" title=\"Haz clic para compartir en WhatsApp\"><span>WhatsApp<\/span><\/a><\/li><li class=\"share-end\"><\/li><\/ul><\/div><\/div><\/div><\/div><\/div>","protected":false},"excerpt":{"rendered":"<p>El parquet multicapa es una invenci\u00f3n de K\u00e4hrs. La patente viene desde el a\u00f1o 1941. Con la comercializaci\u00f3n del parquet de madera multicapa K\u00e4hrs a partir de esa fecha, K\u00e4hrs no s\u00f3lo presentaba un suelo mucho m\u00e1s estable y respetuoso con el medio ambiente, sino que tambi\u00e9n estableci\u00f3 un nuevo est\u00e1ndar en el sector. La&hellip; <a href=\"https:\/\/parquetmanacor.com\/index.php\/marcas\/familia-parque-multicapa-kahrs\/\">Continue reading <span class=\"screen-reader-text\">K\u00e4hrs<\/span><\/a><\/p>\n<div class=\"sharedaddy sd-sharing-enabled\"><div class=\"robots-nocontent sd-block sd-social sd-social-icon-text sd-sharing\"><h3 class=\"sd-title\">Comparte esto:<\/h3><div class=\"sd-content\"><ul><li class=\"share-facebook\"><a rel=\"nofollow noopener noreferrer\" data-shared=\"sharing-facebook-134\" class=\"share-facebook sd-button share-icon\" href=\"https:\/\/parquetmanacor.com\/index.php\/marcas\/familia-parque-multicapa-kahrs\/?share=facebook\" target=\"_blank\" title=\"Haz clic para compartir en Facebook\"><span>Facebook<\/span><\/a><\/li><li class=\"share-linkedin\"><a rel=\"nofollow noopener noreferrer\" data-shared=\"sharing-linkedin-134\" class=\"share-linkedin sd-button share-icon\" href=\"https:\/\/parquetmanacor.com\/index.php\/marcas\/familia-parque-multicapa-kahrs\/?share=linkedin\" target=\"_blank\" title=\"Haz clic para compartir en LinkedIn\"><span>LinkedIn<\/span><\/a><\/li><li class=\"share-pinterest\"><a rel=\"nofollow noopener noreferrer\" data-shared=\"sharing-pinterest-134\" class=\"share-pinterest sd-button share-icon\" href=\"https:\/\/parquetmanacor.com\/index.php\/marcas\/familia-parque-multicapa-kahrs\/?share=pinterest\" target=\"_blank\" title=\"Haz clic para compartir en Pinterest\"><span>Pinterest<\/span><\/a><\/li><li class=\"share-twitter\"><a rel=\"nofollow noopener noreferrer\" data-shared=\"sharing-twitter-134\" class=\"share-twitter sd-button share-icon\" href=\"https:\/\/parquetmanacor.com\/index.php\/marcas\/familia-parque-multicapa-kahrs\/?share=twitter\" target=\"_blank\" title=\"Haz clic para compartir en Twitter\"><span>Twitter<\/span><\/a><\/li><li><a href=\"#\" class=\"sharing-anchor sd-button share-more\"><span>M\u00e1s<\/span><\/a><\/li><li class=\"share-end\"><\/li><\/ul><div class=\"sharing-hidden\"><div class=\"inner\" style=\"display: none;width:150px;\"><ul style=\"background-image:none;\"><li class=\"share-jetpack-whatsapp\"><a rel=\"nofollow noopener noreferrer\" data-shared=\"\" class=\"share-jetpack-whatsapp sd-button share-icon\" href=\"https:\/\/parquetmanacor.com\/index.php\/marcas\/familia-parque-multicapa-kahrs\/?share=jetpack-whatsapp\" target=\"_blank\" title=\"Haz clic para compartir en WhatsApp\"><span>WhatsApp<\/span><\/a><\/li><li class=\"share-end\"><\/li><\/ul><\/div><\/div><\/div><\/div><\/div>","protected":false},"author":1,"featured_media":139,"parent":61,"menu_order":0,"comment_status":"closed","ping_status":"closed","template":"","meta":{"spay_email":""},"jetpack_sharing_enabled":true,"jetpack_shortlink":"https:\/\/wp.me\/P9xgqD-2a","_links":{"self":[{"href":"https:\/\/parquetmanacor.com\/index.php\/wp-json\/wp\/v2\/pages\/134"}],"collection":[{"href":"https:\/\/parquetmanacor.com\/index.php\/wp-json\/wp\/v2\/pages"}],"about":[{"href":"https:\/\/parquetmanacor.com\/index.php\/wp-json\/wp\/v2\/types\/page"}],"author":[{"embeddable":true,"href":"https:\/\/parquetmanacor.com\/index.php\/wp-json\/wp\/v2\/users\/1"}],"replies":[{"embeddable":true,"href":"https:\/\/parquetmanacor.com\/index.php\/wp-json\/wp\/v2\/comments?post=134"}],"version-history":[{"count":11,"href":"https:\/\/parquetmanacor.com\/index.php\/wp-json\/wp\/v2\/pages\/134\/revisions"}],"predecessor-version":[{"id":233,"href":"https:\/\/parquetmanacor.com\/index.php\/wp-json\/wp\/v2\/pages\/134\/revisions\/233"}],"up":[{"embeddable":true,"href":"https:\/\/parquetmanacor.com\/index.php\/wp-json\/wp\/v2\/pages\/61"}],"wp:featuredmedia":[{"embeddable":true,"href":"https:\/\/parquetmanacor.com\/index.php\/wp-json\/wp\/v2\/media\/139"}],"wp:attachment":[{"href":"https:\/\/parquetmanacor.com\/index.php\/wp-json\/wp\/v2\/media?parent=134"}],"curies":[{"name":"wp","href":"https:\/\/api.w.org\/{rel}","templated":true}]}}